{"id":1897,"date":"2025-04-11T17:53:48","date_gmt":"2025-04-11T15:53:48","guid":{"rendered":"https:\/\/www.lenaontour.com\/?page_id=1897"},"modified":"2025-04-22T14:02:21","modified_gmt":"2025-04-22T12:02:21","slug":"daf-daz","status":"publish","type":"page","link":"https:\/\/www.lenaontour.com\/en\/daf-daz\/","title":{"rendered":"DAF\/DAZ"},"content":{"rendered":"<div data-elementor-type=\"wp-page\" data-elementor-id=\"1897\" class=\"elementor elementor-1897\">\n\t\t\t\t\t\t<section class=\"elementor-section elementor-top-section elementor-element elementor-element-327229c elementor-section-boxed elementor-section-height-default elementor-section-height-default\" data-id=\"327229c\" data-element_type=\"section\" data-e-type=\"section\">\n\t\t\t\t\t\t<div class=\"elementor-container elementor-column-gap-default\">\n\t\t\t\t\t<div class=\"elementor-column elementor-col-100 elementor-top-column elementor-element elementor-element-3b76d83\" data-id=\"3b76d83\" data-element_type=\"column\" data-e-type=\"column\">\n\t\t\t<div class=\"elementor-widget-wrap elementor-element-populated\">\n\t\t\t\t\t\t<div class=\"elementor-element elementor-element-30506f9 elementor-widget-divider--view-line elementor-widget elementor-widget-divider\" data-id=\"30506f9\" data-element_type=\"widget\" data-e-type=\"widget\" data-widget_type=\"divider.default\">\n\t\t\t\t<div class=\"elementor-widget-container\">\n\t\t\t\t\t\t\t<div class=\"elementor-divider\">\n\t\t\t<span class=\"elementor-divider-separator\">\n\t\t\t\t\t\t<\/span>\n\t\t<\/div>\n\t\t\t\t\t\t<\/div>\n\t\t\t\t<\/div>\n\t\t\t\t\t<\/div>\n\t\t<\/div>\n\t\t\t\t\t<\/div>\n\t\t<\/section>\n\t\t\t\t<section class=\"elementor-section elementor-top-section elementor-element elementor-element-3a3b14a elementor-section-boxed elementor-section-height-default elementor-section-height-default\" data-id=\"3a3b14a\" data-element_type=\"section\" data-e-type=\"section\">\n\t\t\t\t\t\t<div class=\"elementor-container elementor-column-gap-default\">\n\t\t\t\t\t<div class=\"elementor-column elementor-col-100 elementor-top-column elementor-element elementor-element-7cc4b3e\" data-id=\"7cc4b3e\" data-element_type=\"column\" data-e-type=\"column\" data-settings=\"{&quot;background_background&quot;:&quot;classic&quot;}\">\n\t\t\t<div class=\"elementor-widget-wrap elementor-element-populated\">\n\t\t\t\t\t\t<div class=\"elementor-element elementor-element-5d69489 elementor-widget elementor-widget-text-editor\" data-id=\"5d69489\" data-element_type=\"widget\" data-e-type=\"widget\" data-widget_type=\"text-editor.default\">\n\t\t\t\t<div class=\"elementor-widget-container\">\n\t\t\t\t\t\t\t\t\t<h3 style=\"text-align: center;\"><strong><span style=\"color: #000000;\">\u201e<i>The limits of my language mean the limits of my world.<\/i>\u201c<\/span><\/strong><\/h3><p style=\"text-align: center;\">Ludwig Wittgenstein<\/p>\t\t\t\t\t\t\t\t<\/div>\n\t\t\t\t<\/div>\n\t\t\t\t\t<\/div>\n\t\t<\/div>\n\t\t\t\t\t<\/div>\n\t\t<\/section>\n\t\t\t\t<section class=\"elementor-section elementor-top-section elementor-element elementor-element-516d7b6 elementor-section-boxed elementor-section-height-default elementor-section-height-default\" data-id=\"516d7b6\" data-element_type=\"section\" data-e-type=\"section\">\n\t\t\t\t\t\t<div class=\"elementor-container elementor-column-gap-default\">\n\t\t\t\t\t<div class=\"elementor-column elementor-col-100 elementor-top-column elementor-element elementor-element-174c830\" data-id=\"174c830\" data-element_type=\"column\" data-e-type=\"column\">\n\t\t\t<div class=\"elementor-widget-wrap elementor-element-populated\">\n\t\t\t\t\t\t<div class=\"elementor-element elementor-element-faa2348 elementor-widget-divider--view-line elementor-widget elementor-widget-divider\" data-id=\"faa2348\" data-element_type=\"widget\" data-e-type=\"widget\" data-widget_type=\"divider.default\">\n\t\t\t\t<div class=\"elementor-widget-container\">\n\t\t\t\t\t\t\t<div class=\"elementor-divider\">\n\t\t\t<span class=\"elementor-divider-separator\">\n\t\t\t\t\t\t<\/span>\n\t\t<\/div>\n\t\t\t\t\t\t<\/div>\n\t\t\t\t<\/div>\n\t\t\t\t\t<\/div>\n\t\t<\/div>\n\t\t\t\t\t<\/div>\n\t\t<\/section>\n\t\t\t\t<section class=\"elementor-section elementor-top-section elementor-element elementor-element-86b1c52 elementor-section-boxed elementor-section-height-default elementor-section-height-default\" data-id=\"86b1c52\" data-element_type=\"section\" data-e-type=\"section\">\n\t\t\t\t\t\t<div class=\"elementor-container elementor-column-gap-default\">\n\t\t\t\t\t<div class=\"elementor-column elementor-col-100 elementor-top-column elementor-element elementor-element-116081c\" data-id=\"116081c\" data-element_type=\"column\" data-e-type=\"column\" data-settings=\"{&quot;background_background&quot;:&quot;classic&quot;}\">\n\t\t\t<div class=\"elementor-widget-wrap elementor-element-populated\">\n\t\t\t\t\t\t<div class=\"elementor-element elementor-element-6f7f5c1 elementor-widget elementor-widget-text-editor\" data-id=\"6f7f5c1\" data-element_type=\"widget\" data-e-type=\"widget\" data-widget_type=\"text-editor.default\">\n\t\t\t\t<div class=\"elementor-widget-container\">\n\t\t\t\t\t\t\t\t\t<h3><span style=\"color: #008000;\"><strong>Trainer for German as a foreign\/second language:<\/strong><\/span><\/h3><ul><li>Planning and implementation tailored to requirements<\/li><li>German courses for groups, individual coaching, in-house, hiking<\/li><li>Preparing participants for certified German examinations<\/li><li>Work-related language for different fields of work<\/li><li>German for commercial professions (as preparation for training courses)<\/li><li>Support with theory lessons for the B driving licence<\/li><li>conversation training<\/li><li>Individual teaching methods and materials<\/li><li>Teaching general knowledge about Austrian culture<\/li><\/ul><p>DaF\/DaZ trainer since 2023<\/p><p>\u00a0<\/p><p>Dates and prices available on request. Details provided upon contact.<\/p>\t\t\t\t\t\t\t\t<\/div>\n\t\t\t\t<\/div>\n\t\t\t\t\t<\/div>\n\t\t<\/div>\n\t\t\t\t\t<\/div>\n\t\t<\/section>\n\t\t\t\t<section class=\"elementor-section elementor-top-section elementor-element elementor-element-2175a5c elementor-section-boxed elementor-section-height-default elementor-section-height-default\" data-id=\"2175a5c\" data-element_type=\"section\" data-e-type=\"section\">\n\t\t\t\t\t\t<div class=\"elementor-container elementor-column-gap-default\">\n\t\t\t\t\t<div class=\"elementor-column elementor-col-100 elementor-top-column elementor-element elementor-element-22f0809\" data-id=\"22f0809\" data-element_type=\"column\" data-e-type=\"column\">\n\t\t\t<div class=\"elementor-widget-wrap elementor-element-populated\">\n\t\t\t\t\t\t<div class=\"elementor-element elementor-element-8bc4207 elementor-widget-divider--view-line elementor-widget elementor-widget-divider\" data-id=\"8bc4207\" data-element_type=\"widget\" data-e-type=\"widget\" data-widget_type=\"divider.default\">\n\t\t\t\t<div class=\"elementor-widget-container\">\n\t\t\t\t\t\t\t<div class=\"elementor-divider\">\n\t\t\t<span class=\"elementor-divider-separator\">\n\t\t\t\t\t\t<\/span>\n\t\t<\/div>\n\t\t\t\t\t\t<\/div>\n\t\t\t\t<\/div>\n\t\t\t\t\t<\/div>\n\t\t<\/div>\n\t\t\t\t\t<\/div>\n\t\t<\/section>\n\t\t\t\t<section class=\"elementor-section elementor-top-section elementor-element elementor-element-2245685 elementor-section-boxed elementor-section-height-default elementor-section-height-default\" data-id=\"2245685\" data-element_type=\"section\" data-e-type=\"section\">\n\t\t\t\t\t\t<div class=\"elementor-container elementor-column-gap-default\">\n\t\t\t\t\t<div class=\"elementor-column elementor-col-33 elementor-top-column elementor-element elementor-element-12c1b6a\" data-id=\"12c1b6a\" data-element_type=\"column\" data-e-type=\"column\">\n\t\t\t<div class=\"elementor-widget-wrap elementor-element-populated\">\n\t\t\t\t\t\t<div class=\"elementor-element elementor-element-e4553c5 elementor-widget elementor-widget-image\" data-id=\"e4553c5\" data-element_type=\"widget\" data-e-type=\"widget\" data-widget_type=\"image.default\">\n\t\t\t\t<div class=\"elementor-widget-container\">\n\t\t\t\t\t\t\t\t\t\t\t\t\t\t\t\t<a href=\"https:\/\/www.lenaontour.com\/wp-content\/uploads\/2025\/04\/Katze.png\" data-elementor-open-lightbox=\"yes\" data-e-action-hash=\"#elementor-action%3Aaction%3Dlightbox%26settings%3DeyJpZCI6MjQ2OCwidXJsIjoiaHR0cHM6XC9cL3d3dy5sZW5hb250b3VyLmNvbVwvd3AtY29udGVudFwvdXBsb2Fkc1wvMjAyNVwvMDRcL0thdHplLnBuZyJ9\">\n\t\t\t\t\t\t\t<img fetchpriority=\"high\" decoding=\"async\" width=\"320\" height=\"371\" src=\"https:\/\/www.lenaontour.com\/wp-content\/uploads\/2025\/04\/Katze.png\" class=\"attachment-large size-large wp-image-2468\" alt=\"Katze\" srcset=\"https:\/\/www.lenaontour.com\/wp-content\/uploads\/2025\/04\/Katze.png 320w, https:\/\/www.lenaontour.com\/wp-content\/uploads\/2025\/04\/Katze-259x300.png 259w\" sizes=\"(max-width: 320px) 100vw, 320px\" \/>\t\t\t\t\t\t\t\t<\/a>\n\t\t\t\t\t\t\t\t\t\t\t\t\t\t\t<\/div>\n\t\t\t\t<\/div>\n\t\t\t\t\t<\/div>\n\t\t<\/div>\n\t\t\t\t<div class=\"elementor-column elementor-col-33 elementor-top-column elementor-element elementor-element-76a56c1\" data-id=\"76a56c1\" data-element_type=\"column\" data-e-type=\"column\">\n\t\t\t<div class=\"elementor-widget-wrap elementor-element-populated\">\n\t\t\t\t\t\t<div class=\"elementor-element elementor-element-c93e36d elementor-widget elementor-widget-image\" data-id=\"c93e36d\" data-element_type=\"widget\" data-e-type=\"widget\" data-widget_type=\"image.default\">\n\t\t\t\t<div class=\"elementor-widget-container\">\n\t\t\t\t\t\t\t\t\t\t\t\t\t\t\t\t<a href=\"https:\/\/www.lenaontour.com\/wp-content\/uploads\/2025\/04\/Lena-Ich.png\" data-elementor-open-lightbox=\"yes\" data-e-action-hash=\"#elementor-action%3Aaction%3Dlightbox%26settings%3DeyJpZCI6MjQ2OSwidXJsIjoiaHR0cHM6XC9cL3d3dy5sZW5hb250b3VyLmNvbVwvd3AtY29udGVudFwvdXBsb2Fkc1wvMjAyNVwvMDRcL0xlbmEtSWNoLnBuZyJ9\">\n\t\t\t\t\t\t\t<img decoding=\"async\" width=\"320\" height=\"370\" src=\"https:\/\/www.lenaontour.com\/wp-content\/uploads\/2025\/04\/Lena-Ich.png\" class=\"attachment-medium_large size-medium_large wp-image-2469\" alt=\"Lena Ich\" srcset=\"https:\/\/www.lenaontour.com\/wp-content\/uploads\/2025\/04\/Lena-Ich.png 320w, https:\/\/www.lenaontour.com\/wp-content\/uploads\/2025\/04\/Lena-Ich-259x300.png 259w\" sizes=\"(max-width: 320px) 100vw, 320px\" \/>\t\t\t\t\t\t\t\t<\/a>\n\t\t\t\t\t\t\t\t\t\t\t\t\t\t\t<\/div>\n\t\t\t\t<\/div>\n\t\t\t\t\t<\/div>\n\t\t<\/div>\n\t\t\t\t<div class=\"elementor-column elementor-col-33 elementor-top-column elementor-element elementor-element-0b58478\" data-id=\"0b58478\" data-element_type=\"column\" data-e-type=\"column\">\n\t\t\t<div class=\"elementor-widget-wrap elementor-element-populated\">\n\t\t\t\t\t\t<div class=\"elementor-element elementor-element-1525d7d elementor-widget elementor-widget-image\" data-id=\"1525d7d\" data-element_type=\"widget\" data-e-type=\"widget\" data-widget_type=\"image.default\">\n\t\t\t\t<div class=\"elementor-widget-container\">\n\t\t\t\t\t\t\t\t\t\t\t\t\t\t\t\t<a href=\"https:\/\/www.lenaontour.com\/wp-content\/uploads\/2025\/04\/Rezept.png\" data-elementor-open-lightbox=\"yes\" data-e-action-hash=\"#elementor-action%3Aaction%3Dlightbox%26settings%3DeyJpZCI6MjQ3MSwidXJsIjoiaHR0cHM6XC9cL3d3dy5sZW5hb250b3VyLmNvbVwvd3AtY29udGVudFwvdXBsb2Fkc1wvMjAyNVwvMDRcL1JlemVwdC5wbmcifQ%3D%3D\">\n\t\t\t\t\t\t\t<img decoding=\"async\" width=\"320\" height=\"369\" src=\"https:\/\/www.lenaontour.com\/wp-content\/uploads\/2025\/04\/Rezept.png\" class=\"attachment-medium_large size-medium_large wp-image-2471\" alt=\"Rezept\" srcset=\"https:\/\/www.lenaontour.com\/wp-content\/uploads\/2025\/04\/Rezept.png 320w, https:\/\/www.lenaontour.com\/wp-content\/uploads\/2025\/04\/Rezept-260x300.png 260w\" sizes=\"(max-width: 320px) 100vw, 320px\" \/>\t\t\t\t\t\t\t\t<\/a>\n\t\t\t\t\t\t\t\t\t\t\t\t\t\t\t<\/div>\n\t\t\t\t<\/div>\n\t\t\t\t\t<\/div>\n\t\t<\/div>\n\t\t\t\t\t<\/div>\n\t\t<\/section>\n\t\t\t\t<section class=\"elementor-section elementor-top-section elementor-element elementor-element-9452339 elementor-section-boxed elementor-section-height-default elementor-section-height-default\" data-id=\"9452339\" data-element_type=\"section\" data-e-type=\"section\">\n\t\t\t\t\t\t<div class=\"elementor-container elementor-column-gap-default\">\n\t\t\t\t\t<div class=\"elementor-column elementor-col-100 elementor-top-column elementor-element elementor-element-586302c\" data-id=\"586302c\" data-element_type=\"column\" data-e-type=\"column\">\n\t\t\t<div class=\"elementor-widget-wrap elementor-element-populated\">\n\t\t\t\t\t\t<div class=\"elementor-element elementor-element-43641af elementor-widget elementor-widget-spacer\" data-id=\"43641af\" data-element_type=\"widget\" data-e-type=\"widget\" data-widget_type=\"spacer.default\">\n\t\t\t\t<div class=\"elementor-widget-container\">\n\t\t\t\t\t\t\t<div class=\"elementor-spacer\">\n\t\t\t<div class=\"elementor-spacer-inner\"><\/div>\n\t\t<\/div>\n\t\t\t\t\t\t<\/div>\n\t\t\t\t<\/div>\n\t\t\t\t\t<\/div>\n\t\t<\/div>\n\t\t\t\t\t<\/div>\n\t\t<\/section>\n\t\t\t\t<\/div>","protected":false},"excerpt":{"rendered":"<p>\u201eDie Grenzen meiner Sprache bedeuten die Grenzen meiner Welt.\u201c Ludwig Wittgenstein Trainerin f\u00fcr Deutsch als Fremd-\/Zweitsprache: Bedarfsgerechte Planung und Durchf\u00fchrung Deutschkurse f\u00fcr Gruppen, Einzelcoachings, firmenintern, Wanderungen Vorbereiten der Teilnehmer:innen auf zertifizierte Deutschpr\u00fcfungen Berufsbezogene Sprache f\u00fcr unterschiedliche Arbeitsfelder Deutsch f\u00fcr kaufm\u00e4nnische Berufe (als Vorbereitung f\u00fcr Ausbildungen) Unterst\u00fctzung beim Theorieunterricht f\u00fcr den B-F\u00fchrerschein Konversationstraining Indiviuelle Unterrichtsmethoden und [&hellip;]<\/p>","protected":false},"author":1,"featured_media":0,"parent":0,"menu_order":0,"comment_status":"closed","ping_status":"closed","template":"","meta":{"site-sidebar-layout":"no-sidebar","site-content-layout":"page-builder","ast-site-content-layout":"full-width-container","site-content-style":"default","site-sidebar-style":"default","ast-global-header-display":"","ast-banner-title-visibility":"","ast-main-header-display":"","ast-hfb-above-header-display":"","ast-hfb-below-header-display":"","ast-hfb-mobile-header-display":"","site-post-title":"disabled","ast-breadcrumbs-content":"","ast-featured-img":"disabled","footer-sml-layout":"","ast-disable-related-posts":"","theme-transparent-header-meta":"","adv-header-id-meta":"","stick-header-meta":"","header-above-stick-meta":"","header-main-stick-meta":"","header-below-stick-meta":"","astra-migrate-meta-layouts":"set","ast-page-background-enabled":"default","ast-page-background-meta":{"desktop":{"background-color":"var(--ast-global-color-4)","background-image":"","background-repeat":"repeat","background-position":"center center","background-size":"auto","background-attachment":"scroll","background-type":"","background-media":"","overlay-type":"","overlay-color":"","overlay-opacity":"","overlay-gradient":""},"tablet":{"background-color":"","background-image":"","background-repeat":"repeat","background-position":"center center","background-size":"auto","background-attachment":"scroll","background-type":"","background-media":"","overlay-type":"","overlay-color":"","overlay-opacity":"","overlay-gradient":""},"mobile":{"background-color":"","background-image":"","background-repeat":"repeat","background-position":"center center","background-size":"auto","background-attachment":"scroll","background-type":"","background-media":"","overlay-type":"","overlay-color":"","overlay-opacity":"","overlay-gradient":""}},"ast-content-background-meta":{"desktop":{"background-color":"var(--ast-global-color-5)","background-image":"","background-repeat":"repeat","background-position":"center center","background-size":"auto","background-attachment":"scroll","background-type":"","background-media":"","overlay-type":"","overlay-color":"","overlay-opacity":"","overlay-gradient":""},"tablet":{"background-color":"var(--ast-global-color-5)","background-image":"","background-repeat":"repeat","background-position":"center center","background-size":"auto","background-attachment":"scroll","background-type":"","background-media":"","overlay-type":"","overlay-color":"","overlay-opacity":"","overlay-gradient":""},"mobile":{"background-color":"var(--ast-global-color-5)","background-image":"","background-repeat":"repeat","background-position":"center center","background-size":"auto","background-attachment":"scroll","background-type":"","background-media":"","overlay-type":"","overlay-color":"","overlay-opacity":"","overlay-gradient":""}},"iawp_total_views":14,"footnotes":""},"class_list":["post-1897","page","type-page","status-publish","hentry"],"yoast_head":"<!-- This site is optimized with the Yoast SEO plugin v26.9 - https:\/\/yoast.com\/product\/yoast-seo-wordpress\/ -->\n<title>DAF\/DAZ - LenaOnTour<\/title>\n<meta name=\"robots\" content=\"index, follow, max-snippet:-1, max-image-preview:large, max-video-preview:-1\" \/>\n<link rel=\"canonical\" href=\"https:\/\/www.lenaontour.com\/en\/daf-daz\/\" \/>\n<script type=\"application\/ld+json\" class=\"yoast-schema-graph\">{\"@context\":\"https:\/\/schema.org\",\"@graph\":[{\"@type\":\"WebPage\",\"@id\":\"https:\/\/www.lenaontour.com\/daf-daz\/\",\"url\":\"https:\/\/www.lenaontour.com\/daf-daz\/\",\"name\":\"DAF\/DAZ - LenaOnTour\",\"isPartOf\":{\"@id\":\"https:\/\/www.lenaontour.com\/#website\"},\"primaryImageOfPage\":{\"@id\":\"https:\/\/www.lenaontour.com\/daf-daz\/#primaryimage\"},\"image\":{\"@id\":\"https:\/\/www.lenaontour.com\/daf-daz\/#primaryimage\"},\"thumbnailUrl\":\"https:\/\/www.lenaontour.com\/wp-content\/uploads\/2025\/04\/Katze.png\",\"datePublished\":\"2025-04-11T15:53:48+00:00\",\"dateModified\":\"2025-04-22T12:02:21+00:00\",\"breadcrumb\":{\"@id\":\"https:\/\/www.lenaontour.com\/daf-daz\/#breadcrumb\"},\"inLanguage\":\"en-GB\",\"potentialAction\":[{\"@type\":\"ReadAction\",\"target\":[\"https:\/\/www.lenaontour.com\/daf-daz\/\"]}]},{\"@type\":\"ImageObject\",\"inLanguage\":\"en-GB\",\"@id\":\"https:\/\/www.lenaontour.com\/daf-daz\/#primaryimage\",\"url\":\"https:\/\/www.lenaontour.com\/wp-content\/uploads\/2025\/04\/Katze.png\",\"contentUrl\":\"https:\/\/www.lenaontour.com\/wp-content\/uploads\/2025\/04\/Katze.png\"},{\"@type\":\"BreadcrumbList\",\"@id\":\"https:\/\/www.lenaontour.com\/daf-daz\/#breadcrumb\",\"itemListElement\":[{\"@type\":\"ListItem\",\"position\":1,\"name\":\"Startseite\",\"item\":\"https:\/\/www.lenaontour.com\/\"},{\"@type\":\"ListItem\",\"position\":2,\"name\":\"DAF\/DAZ\"}]},{\"@type\":\"WebSite\",\"@id\":\"https:\/\/www.lenaontour.com\/#website\",\"url\":\"https:\/\/www.lenaontour.com\/\",\"name\":\"LenaOnTour\",\"description\":\"Lena Szilus wandert mit Herz und Seele\",\"publisher\":{\"@id\":\"https:\/\/www.lenaontour.com\/#\/schema\/person\/e6fc7c51090d5c3a8a0c1aa8ec8cb466\"},\"potentialAction\":[{\"@type\":\"SearchAction\",\"target\":{\"@type\":\"EntryPoint\",\"urlTemplate\":\"https:\/\/www.lenaontour.com\/?s={search_term_string}\"},\"query-input\":{\"@type\":\"PropertyValueSpecification\",\"valueRequired\":true,\"valueName\":\"search_term_string\"}}],\"inLanguage\":\"en-GB\"},{\"@type\":[\"Person\",\"Organization\"],\"@id\":\"https:\/\/www.lenaontour.com\/#\/schema\/person\/e6fc7c51090d5c3a8a0c1aa8ec8cb466\",\"name\":\"Lenaontour\",\"image\":{\"@type\":\"ImageObject\",\"inLanguage\":\"en-GB\",\"@id\":\"https:\/\/www.lenaontour.com\/#\/schema\/person\/image\/\",\"url\":\"https:\/\/www.lenaontour.com\/wp-content\/uploads\/2022\/10\/Logo-LenaOnTour-1.png\",\"contentUrl\":\"https:\/\/www.lenaontour.com\/wp-content\/uploads\/2022\/10\/Logo-LenaOnTour-1.png\",\"width\":405,\"height\":500,\"caption\":\"Lenaontour\"},\"logo\":{\"@id\":\"https:\/\/www.lenaontour.com\/#\/schema\/person\/image\/\"},\"sameAs\":[\"https:\/\/www.lenaontour.com\"]}]}<\/script>\n<!-- \/ Yoast SEO plugin. -->","yoast_head_json":{"title":"DAF\/DAZ - LenaOnTour","robots":{"index":"index","follow":"follow","max-snippet":"max-snippet:-1","max-image-preview":"max-image-preview:large","max-video-preview":"max-video-preview:-1"},"canonical":"https:\/\/www.lenaontour.com\/en\/daf-daz\/","schema":{"@context":"https:\/\/schema.org","@graph":[{"@type":"WebPage","@id":"https:\/\/www.lenaontour.com\/daf-daz\/","url":"https:\/\/www.lenaontour.com\/daf-daz\/","name":"DAF\/DAZ - LenaOnTour","isPartOf":{"@id":"https:\/\/www.lenaontour.com\/#website"},"primaryImageOfPage":{"@id":"https:\/\/www.lenaontour.com\/daf-daz\/#primaryimage"},"image":{"@id":"https:\/\/www.lenaontour.com\/daf-daz\/#primaryimage"},"thumbnailUrl":"https:\/\/www.lenaontour.com\/wp-content\/uploads\/2025\/04\/Katze.png","datePublished":"2025-04-11T15:53:48+00:00","dateModified":"2025-04-22T12:02:21+00:00","breadcrumb":{"@id":"https:\/\/www.lenaontour.com\/daf-daz\/#breadcrumb"},"inLanguage":"en-GB","potentialAction":[{"@type":"ReadAction","target":["https:\/\/www.lenaontour.com\/daf-daz\/"]}]},{"@type":"ImageObject","inLanguage":"en-GB","@id":"https:\/\/www.lenaontour.com\/daf-daz\/#primaryimage","url":"https:\/\/www.lenaontour.com\/wp-content\/uploads\/2025\/04\/Katze.png","contentUrl":"https:\/\/www.lenaontour.com\/wp-content\/uploads\/2025\/04\/Katze.png"},{"@type":"BreadcrumbList","@id":"https:\/\/www.lenaontour.com\/daf-daz\/#breadcrumb","itemListElement":[{"@type":"ListItem","position":1,"name":"Startseite","item":"https:\/\/www.lenaontour.com\/"},{"@type":"ListItem","position":2,"name":"DAF\/DAZ"}]},{"@type":"WebSite","@id":"https:\/\/www.lenaontour.com\/#website","url":"https:\/\/www.lenaontour.com\/","name":"LenaOnTour","description":"Lena Szilus hikes with heart and soul","publisher":{"@id":"https:\/\/www.lenaontour.com\/#\/schema\/person\/e6fc7c51090d5c3a8a0c1aa8ec8cb466"},"potentialAction":[{"@type":"SearchAction","target":{"@type":"EntryPoint","urlTemplate":"https:\/\/www.lenaontour.com\/?s={search_term_string}"},"query-input":{"@type":"PropertyValueSpecification","valueRequired":true,"valueName":"search_term_string"}}],"inLanguage":"en-GB"},{"@type":["Person","Organization"],"@id":"https:\/\/www.lenaontour.com\/#\/schema\/person\/e6fc7c51090d5c3a8a0c1aa8ec8cb466","name":"Lena on tour","image":{"@type":"ImageObject","inLanguage":"en-GB","@id":"https:\/\/www.lenaontour.com\/#\/schema\/person\/image\/","url":"https:\/\/www.lenaontour.com\/wp-content\/uploads\/2022\/10\/Logo-LenaOnTour-1.png","contentUrl":"https:\/\/www.lenaontour.com\/wp-content\/uploads\/2022\/10\/Logo-LenaOnTour-1.png","width":405,"height":500,"caption":"Lenaontour"},"logo":{"@id":"https:\/\/www.lenaontour.com\/#\/schema\/person\/image\/"},"sameAs":["https:\/\/www.lenaontour.com"]}]}},"_links":{"self":[{"href":"https:\/\/www.lenaontour.com\/en\/wp-json\/wp\/v2\/pages\/1897","targetHints":{"allow":["GET"]}}],"collection":[{"href":"https:\/\/www.lenaontour.com\/en\/wp-json\/wp\/v2\/pages"}],"about":[{"href":"https:\/\/www.lenaontour.com\/en\/wp-json\/wp\/v2\/types\/page"}],"author":[{"embeddable":true,"href":"https:\/\/www.lenaontour.com\/en\/wp-json\/wp\/v2\/users\/1"}],"replies":[{"embeddable":true,"href":"https:\/\/www.lenaontour.com\/en\/wp-json\/wp\/v2\/comments?post=1897"}],"version-history":[{"count":113,"href":"https:\/\/www.lenaontour.com\/en\/wp-json\/wp\/v2\/pages\/1897\/revisions"}],"predecessor-version":[{"id":2638,"href":"https:\/\/www.lenaontour.com\/en\/wp-json\/wp\/v2\/pages\/1897\/revisions\/2638"}],"wp:attachment":[{"href":"https:\/\/www.lenaontour.com\/en\/wp-json\/wp\/v2\/media?parent=1897"}],"curies":[{"name":"wp","href":"https:\/\/api.w.org\/{rel}","templated":true}]}}