{"id":1372,"date":"2022-05-29T13:10:52","date_gmt":"2022-05-29T13:10:52","guid":{"rendered":"https:\/\/www.lenaontour.com\/?page_id=1372"},"modified":"2025-04-22T18:14:14","modified_gmt":"2025-04-22T16:14:14","slug":"ueber-mich","status":"publish","type":"page","link":"https:\/\/www.lenaontour.com\/en\/ueber-mich\/","title":{"rendered":"About me"},"content":{"rendered":"<div data-elementor-type=\"wp-page\" data-elementor-id=\"1372\" class=\"elementor elementor-1372\">\n\t\t\t\t\t\t<section class=\"elementor-section elementor-top-section elementor-element elementor-element-50355b0 elementor-section-boxed elementor-section-height-default elementor-section-height-default\" data-id=\"50355b0\" data-element_type=\"section\" data-e-type=\"section\">\n\t\t\t\t\t\t<div class=\"elementor-container elementor-column-gap-default\">\n\t\t\t\t\t<div class=\"elementor-column elementor-col-100 elementor-top-column elementor-element elementor-element-c2339e0\" data-id=\"c2339e0\" data-element_type=\"column\" data-e-type=\"column\">\n\t\t\t<div class=\"elementor-widget-wrap elementor-element-populated\">\n\t\t\t\t\t\t<div class=\"elementor-element elementor-element-da58d03 elementor-widget-divider--view-line elementor-widget elementor-widget-divider\" data-id=\"da58d03\" data-element_type=\"widget\" data-e-type=\"widget\" data-widget_type=\"divider.default\">\n\t\t\t\t<div class=\"elementor-widget-container\">\n\t\t\t\t\t\t\t<div class=\"elementor-divider\">\n\t\t\t<span class=\"elementor-divider-separator\">\n\t\t\t\t\t\t<\/span>\n\t\t<\/div>\n\t\t\t\t\t\t<\/div>\n\t\t\t\t<\/div>\n\t\t\t\t\t<\/div>\n\t\t<\/div>\n\t\t\t\t\t<\/div>\n\t\t<\/section>\n\t\t\t\t<section class=\"elementor-section elementor-top-section elementor-element elementor-element-d496059 elementor-section-boxed elementor-section-height-default elementor-section-height-default\" data-id=\"d496059\" data-element_type=\"section\" data-e-type=\"section\">\n\t\t\t\t\t\t<div class=\"elementor-container elementor-column-gap-default\">\n\t\t\t\t\t<div class=\"elementor-column elementor-col-100 elementor-top-column elementor-element elementor-element-810023e\" data-id=\"810023e\" data-element_type=\"column\" data-e-type=\"column\" data-settings=\"{&quot;background_background&quot;:&quot;classic&quot;}\">\n\t\t\t<div class=\"elementor-widget-wrap elementor-element-populated\">\n\t\t\t\t\t\t<div class=\"elementor-element elementor-element-cac7e8c elementor-widget elementor-widget-text-editor\" data-id=\"cac7e8c\" data-element_type=\"widget\" data-e-type=\"widget\" data-widget_type=\"text-editor.default\">\n\t\t\t\t<div class=\"elementor-widget-container\">\n\t\t\t\t\t\t\t\t\t<h3 style=\"text-align: center;\"><span style=\"color: #000000;\"><strong><em>\u201eOne sees clearly only with the heart. What is essential is invisible to the eye.\u201c<\/em><\/strong><\/span><\/h3><p style=\"text-align: center;\">The Little Prince<\/p><p style=\"text-align: center;\">Antoine de Saint-Exup\u00e9ry<\/p>\t\t\t\t\t\t\t\t<\/div>\n\t\t\t\t<\/div>\n\t\t\t\t\t<\/div>\n\t\t<\/div>\n\t\t\t\t\t<\/div>\n\t\t<\/section>\n\t\t\t\t<section class=\"elementor-section elementor-top-section elementor-element elementor-element-0f80f89 elementor-section-boxed elementor-section-height-default elementor-section-height-default\" data-id=\"0f80f89\" data-element_type=\"section\" data-e-type=\"section\">\n\t\t\t\t\t\t<div class=\"elementor-container elementor-column-gap-default\">\n\t\t\t\t\t<div class=\"elementor-column elementor-col-100 elementor-top-column elementor-element elementor-element-fc4dd00\" data-id=\"fc4dd00\" data-element_type=\"column\" data-e-type=\"column\">\n\t\t\t<div class=\"elementor-widget-wrap elementor-element-populated\">\n\t\t\t\t\t\t<div class=\"elementor-element elementor-element-456eb4f elementor-widget-divider--view-line elementor-widget elementor-widget-divider\" data-id=\"456eb4f\" data-element_type=\"widget\" data-e-type=\"widget\" data-widget_type=\"divider.default\">\n\t\t\t\t<div class=\"elementor-widget-container\">\n\t\t\t\t\t\t\t<div class=\"elementor-divider\">\n\t\t\t<span class=\"elementor-divider-separator\">\n\t\t\t\t\t\t<\/span>\n\t\t<\/div>\n\t\t\t\t\t\t<\/div>\n\t\t\t\t<\/div>\n\t\t\t\t\t<\/div>\n\t\t<\/div>\n\t\t\t\t\t<\/div>\n\t\t<\/section>\n\t\t\t\t<section class=\"elementor-section elementor-top-section elementor-element elementor-element-1492611 elementor-section-boxed elementor-section-height-default elementor-section-height-default\" data-id=\"1492611\" data-element_type=\"section\" data-e-type=\"section\">\n\t\t\t\t\t\t\t<div class=\"elementor-background-overlay\"><\/div>\n\t\t\t\t\t\t\t<div class=\"elementor-container elementor-column-gap-default\">\n\t\t\t\t\t<div class=\"elementor-column elementor-col-100 elementor-top-column elementor-element elementor-element-7bd2c49\" data-id=\"7bd2c49\" data-element_type=\"column\" data-e-type=\"column\" data-settings=\"{&quot;background_background&quot;:&quot;classic&quot;}\">\n\t\t\t<div class=\"elementor-widget-wrap elementor-element-populated\">\n\t\t\t\t\t\t<div class=\"elementor-element elementor-element-cefc399 elementor-widget elementor-widget-text-editor\" data-id=\"cefc399\" data-element_type=\"widget\" data-e-type=\"widget\" data-widget_type=\"text-editor.default\">\n\t\t\t\t<div class=\"elementor-widget-container\">\n\t\t\t\t\t\t\t\t\t<h3><span style=\"color: #008080;\"><b>Lena on tour...in the school of life. <\/b><\/span><\/h3><p>My teachers are nature and people. Their diversity inspires me equally. Hiking brings me into contact with myself and with the world. I am thrilled to discover small wonders in everyday life. Recognising the complexity in everything gives me understanding and peace. Simplicity and flexibility make my life easier \u2013 everywhere in the world. Travelling delights my soul and makes me happy. Cheerful serenity allows me to discover new worlds again and again with humour.<\/p><p>I start to beam when I manage to awaken potential \u2013 my own and that of others. \u201eI've never tried that before, so I'm absolutely sure I can do it.\u201c Unlike Pippi Longstocking, I'm not always absolutely sure I can do it \u2013 but my curiosity to try is usually greater.<\/p><p>With this in mind...<\/p><p>I look forward to meeting you in person!\u00a0<\/p>\t\t\t\t\t\t\t\t<\/div>\n\t\t\t\t<\/div>\n\t\t\t\t\t<\/div>\n\t\t<\/div>\n\t\t\t\t\t<\/div>\n\t\t<\/section>\n\t\t\t\t<section class=\"elementor-section elementor-top-section elementor-element elementor-element-981b6ae elementor-section-boxed elementor-section-height-default elementor-section-height-default\" data-id=\"981b6ae\" data-element_type=\"section\" data-e-type=\"section\">\n\t\t\t\t\t\t<div class=\"elementor-container elementor-column-gap-default\">\n\t\t\t\t\t<div class=\"elementor-column elementor-col-100 elementor-top-column elementor-element elementor-element-51b1e02\" data-id=\"51b1e02\" data-element_type=\"column\" data-e-type=\"column\">\n\t\t\t<div class=\"elementor-widget-wrap elementor-element-populated\">\n\t\t\t\t\t\t<div class=\"elementor-element elementor-element-1011f26 elementor-widget-divider--view-line elementor-widget elementor-widget-divider\" data-id=\"1011f26\" data-element_type=\"widget\" data-e-type=\"widget\" data-widget_type=\"divider.default\">\n\t\t\t\t<div class=\"elementor-widget-container\">\n\t\t\t\t\t\t\t<div class=\"elementor-divider\">\n\t\t\t<span class=\"elementor-divider-separator\">\n\t\t\t\t\t\t<\/span>\n\t\t<\/div>\n\t\t\t\t\t\t<\/div>\n\t\t\t\t<\/div>\n\t\t\t\t\t<\/div>\n\t\t<\/div>\n\t\t\t\t\t<\/div>\n\t\t<\/section>\n\t\t\t\t<section class=\"elementor-section elementor-top-section elementor-element elementor-element-b41fe31 elementor-section-boxed elementor-section-height-default elementor-section-height-default\" data-id=\"b41fe31\" data-element_type=\"section\" data-e-type=\"section\">\n\t\t\t\t\t\t<div class=\"elementor-container elementor-column-gap-default\">\n\t\t\t\t\t<div class=\"elementor-column elementor-col-100 elementor-top-column elementor-element elementor-element-fe97a95\" data-id=\"fe97a95\" data-element_type=\"column\" data-e-type=\"column\" data-settings=\"{&quot;background_background&quot;:&quot;classic&quot;}\">\n\t\t\t<div class=\"elementor-widget-wrap elementor-element-populated\">\n\t\t\t\t\t\t<div class=\"elementor-element elementor-element-a5df90b elementor-widget elementor-widget-text-editor\" data-id=\"a5df90b\" data-element_type=\"widget\" data-e-type=\"widget\" data-widget_type=\"text-editor.default\">\n\t\t\t\t<div class=\"elementor-widget-container\">\n\t\t\t\t\t\t\t\t\t<p>Mountain guide, German as a foreign language\/German as a second language trainer, tour guide, specialist trainer, payroll accountant, natural cosmetics maker, driving instructor, aspiring ski instructor, hospice companion...<\/p>\t\t\t\t\t\t\t\t<\/div>\n\t\t\t\t<\/div>\n\t\t\t\t\t<\/div>\n\t\t<\/div>\n\t\t\t\t\t<\/div>\n\t\t<\/section>\n\t\t\t\t<section class=\"elementor-section elementor-top-section elementor-element elementor-element-3e4b108 elementor-section-boxed elementor-section-height-default elementor-section-height-default\" data-id=\"3e4b108\" data-element_type=\"section\" data-e-type=\"section\">\n\t\t\t\t\t\t<div class=\"elementor-container elementor-column-gap-default\">\n\t\t\t\t\t<div class=\"elementor-column elementor-col-100 elementor-top-column elementor-element elementor-element-2ac3d64\" data-id=\"2ac3d64\" data-element_type=\"column\" data-e-type=\"column\">\n\t\t\t<div class=\"elementor-widget-wrap elementor-element-populated\">\n\t\t\t\t\t\t<div class=\"elementor-element elementor-element-32f6f16 elementor-widget-divider--view-line elementor-widget elementor-widget-divider\" data-id=\"32f6f16\" data-element_type=\"widget\" data-e-type=\"widget\" data-widget_type=\"divider.default\">\n\t\t\t\t<div class=\"elementor-widget-container\">\n\t\t\t\t\t\t\t<div class=\"elementor-divider\">\n\t\t\t<span class=\"elementor-divider-separator\">\n\t\t\t\t\t\t<\/span>\n\t\t<\/div>\n\t\t\t\t\t\t<\/div>\n\t\t\t\t<\/div>\n\t\t\t\t\t<\/div>\n\t\t<\/div>\n\t\t\t\t\t<\/div>\n\t\t<\/section>\n\t\t\t\t<section class=\"elementor-section elementor-top-section elementor-element elementor-element-a138d29 elementor-section-boxed elementor-section-height-default elementor-section-height-default\" data-id=\"a138d29\" data-element_type=\"section\" data-e-type=\"section\">\n\t\t\t\t\t\t<div class=\"elementor-container elementor-column-gap-default\">\n\t\t\t\t\t<div class=\"elementor-column elementor-col-50 elementor-top-column elementor-element elementor-element-fb3130c\" data-id=\"fb3130c\" data-element_type=\"column\" data-e-type=\"column\">\n\t\t\t<div class=\"elementor-widget-wrap elementor-element-populated\">\n\t\t\t\t\t\t<div class=\"elementor-element elementor-element-2e9d3d7 elementor-widget elementor-widget-image\" data-id=\"2e9d3d7\" data-element_type=\"widget\" data-e-type=\"widget\" data-widget_type=\"image.default\">\n\t\t\t\t<div class=\"elementor-widget-container\">\n\t\t\t\t\t\t\t\t\t\t\t\t\t\t\t\t<a href=\"https:\/\/www.lenaontour.com\/wp-content\/uploads\/2025\/04\/Margret.png\" data-elementor-open-lightbox=\"yes\" data-e-action-hash=\"#elementor-action%3Aaction%3Dlightbox%26settings%3DeyJpZCI6MjQ4NSwidXJsIjoiaHR0cHM6XC9cL3d3dy5sZW5hb250b3VyLmNvbVwvd3AtY29udGVudFwvdXBsb2Fkc1wvMjAyNVwvMDRcL01hcmdyZXQucG5nIn0%3D\">\n\t\t\t\t\t\t\t<img fetchpriority=\"high\" decoding=\"async\" width=\"320\" height=\"371\" src=\"https:\/\/www.lenaontour.com\/wp-content\/uploads\/2025\/04\/Margret.png\" class=\"attachment-medium_large size-medium_large wp-image-2485\" alt=\"Margret\" srcset=\"https:\/\/www.lenaontour.com\/wp-content\/uploads\/2025\/04\/Margret.png 320w, https:\/\/www.lenaontour.com\/wp-content\/uploads\/2025\/04\/Margret-259x300.png 259w\" sizes=\"(max-width: 320px) 100vw, 320px\" \/>\t\t\t\t\t\t\t\t<\/a>\n\t\t\t\t\t\t\t\t\t\t\t\t\t\t\t<\/div>\n\t\t\t\t<\/div>\n\t\t\t\t\t<\/div>\n\t\t<\/div>\n\t\t\t\t<div class=\"elementor-column elementor-col-50 elementor-top-column elementor-element elementor-element-c8e8073\" data-id=\"c8e8073\" data-element_type=\"column\" data-e-type=\"column\">\n\t\t\t<div class=\"elementor-widget-wrap elementor-element-populated\">\n\t\t\t\t\t\t<div class=\"elementor-element elementor-element-329736e elementor-widget elementor-widget-image\" data-id=\"329736e\" data-element_type=\"widget\" data-e-type=\"widget\" data-widget_type=\"image.default\">\n\t\t\t\t<div class=\"elementor-widget-container\">\n\t\t\t\t\t\t\t\t\t\t\t\t\t\t\t\t<a href=\"https:\/\/www.lenaontour.com\/wp-content\/uploads\/2025\/04\/Verena.png\" data-elementor-open-lightbox=\"yes\" data-e-action-hash=\"#elementor-action%3Aaction%3Dlightbox%26settings%3DeyJpZCI6MjQ4NywidXJsIjoiaHR0cHM6XC9cL3d3dy5sZW5hb250b3VyLmNvbVwvd3AtY29udGVudFwvdXBsb2Fkc1wvMjAyNVwvMDRcL1ZlcmVuYS5wbmcifQ%3D%3D\">\n\t\t\t\t\t\t\t<img decoding=\"async\" width=\"320\" height=\"371\" src=\"https:\/\/www.lenaontour.com\/wp-content\/uploads\/2025\/04\/Verena.png\" class=\"attachment-large size-large wp-image-2487\" alt=\"Verena\" srcset=\"https:\/\/www.lenaontour.com\/wp-content\/uploads\/2025\/04\/Verena.png 320w, https:\/\/www.lenaontour.com\/wp-content\/uploads\/2025\/04\/Verena-259x300.png 259w\" sizes=\"(max-width: 320px) 100vw, 320px\" \/>\t\t\t\t\t\t\t\t<\/a>\n\t\t\t\t\t\t\t\t\t\t\t\t\t\t\t<\/div>\n\t\t\t\t<\/div>\n\t\t\t\t\t<\/div>\n\t\t<\/div>\n\t\t\t\t\t<\/div>\n\t\t<\/section>\n\t\t\t\t<section class=\"elementor-section elementor-top-section elementor-element elementor-element-a822843 elementor-section-boxed elementor-section-height-default elementor-section-height-default\" data-id=\"a822843\" data-element_type=\"section\" data-e-type=\"section\">\n\t\t\t\t\t\t<div class=\"elementor-container elementor-column-gap-default\">\n\t\t\t\t\t<div class=\"elementor-column elementor-col-50 elementor-top-column elementor-element elementor-element-d4f1106\" data-id=\"d4f1106\" data-element_type=\"column\" data-e-type=\"column\">\n\t\t\t<div class=\"elementor-widget-wrap elementor-element-populated\">\n\t\t\t\t\t\t<div class=\"elementor-element elementor-element-e24d431 elementor-widget elementor-widget-image\" data-id=\"e24d431\" data-element_type=\"widget\" data-e-type=\"widget\" data-widget_type=\"image.default\">\n\t\t\t\t<div class=\"elementor-widget-container\">\n\t\t\t\t\t\t\t\t\t\t\t\t\t\t\t\t<a href=\"https:\/\/www.lenaontour.com\/wp-content\/uploads\/2025\/04\/Lena-1.png\" data-elementor-open-lightbox=\"yes\" data-e-action-hash=\"#elementor-action%3Aaction%3Dlightbox%26settings%3DeyJpZCI6MjQ5MiwidXJsIjoiaHR0cHM6XC9cL3d3dy5sZW5hb250b3VyLmNvbVwvd3AtY29udGVudFwvdXBsb2Fkc1wvMjAyNVwvMDRcL0xlbmEtMS5wbmcifQ%3D%3D\">\n\t\t\t\t\t\t\t<img decoding=\"async\" width=\"320\" height=\"370\" src=\"https:\/\/www.lenaontour.com\/wp-content\/uploads\/2025\/04\/Lena-1.png\" class=\"attachment-large size-large wp-image-2492\" alt=\"Lena\" srcset=\"https:\/\/www.lenaontour.com\/wp-content\/uploads\/2025\/04\/Lena-1.png 320w, https:\/\/www.lenaontour.com\/wp-content\/uploads\/2025\/04\/Lena-1-259x300.png 259w\" sizes=\"(max-width: 320px) 100vw, 320px\" \/>\t\t\t\t\t\t\t\t<\/a>\n\t\t\t\t\t\t\t\t\t\t\t\t\t\t\t<\/div>\n\t\t\t\t<\/div>\n\t\t\t\t\t<\/div>\n\t\t<\/div>\n\t\t\t\t<div class=\"elementor-column elementor-col-50 elementor-top-column elementor-element elementor-element-5ce8461\" data-id=\"5ce8461\" data-element_type=\"column\" data-e-type=\"column\">\n\t\t\t<div class=\"elementor-widget-wrap elementor-element-populated\">\n\t\t\t\t\t\t<div class=\"elementor-element elementor-element-7502a5a elementor-widget elementor-widget-image\" data-id=\"7502a5a\" data-element_type=\"widget\" data-e-type=\"widget\" data-widget_type=\"image.default\">\n\t\t\t\t<div class=\"elementor-widget-container\">\n\t\t\t\t\t\t\t\t\t\t\t\t\t\t\t<img loading=\"lazy\" decoding=\"async\" width=\"300\" height=\"300\" src=\"https:\/\/www.lenaontour.com\/wp-content\/uploads\/2025\/04\/logo-300x300.png\" class=\"attachment-medium size-medium wp-image-2036\" alt=\"logo\" srcset=\"https:\/\/www.lenaontour.com\/wp-content\/uploads\/2025\/04\/logo-300x300.png 300w, https:\/\/www.lenaontour.com\/wp-content\/uploads\/2025\/04\/elementor\/thumbs\/logo-r4avznxydtkrmea8iyxyvwlkofqi0od156pv23ixy4.png 150w, https:\/\/www.lenaontour.com\/wp-content\/uploads\/2025\/04\/logo-98x98.png 98w, https:\/\/www.lenaontour.com\/wp-content\/uploads\/2025\/04\/elementor\/thumbs\/logo-r4avznxy0nxu4zu47aom92y2d8h0f5ebdncb7odrxs.png 120w, https:\/\/www.lenaontour.com\/wp-content\/uploads\/2025\/04\/logo.png 644w\" sizes=\"(max-width: 300px) 100vw, 300px\" \/>\t\t\t\t\t\t\t\t\t\t\t\t\t\t\t<\/div>\n\t\t\t\t<\/div>\n\t\t\t\t\t<\/div>\n\t\t<\/div>\n\t\t\t\t\t<\/div>\n\t\t<\/section>\n\t\t\t\t<section class=\"elementor-section elementor-top-section elementor-element elementor-element-820f0cf elementor-section-boxed elementor-section-height-default elementor-section-height-default\" data-id=\"820f0cf\" data-element_type=\"section\" data-e-type=\"section\">\n\t\t\t\t\t\t<div class=\"elementor-container elementor-column-gap-default\">\n\t\t\t\t\t<div class=\"elementor-column elementor-col-100 elementor-top-column elementor-element elementor-element-262e78c\" data-id=\"262e78c\" data-element_type=\"column\" data-e-type=\"column\">\n\t\t\t<div class=\"elementor-widget-wrap\">\n\t\t\t\t\t\t\t<\/div>\n\t\t<\/div>\n\t\t\t\t\t<\/div>\n\t\t<\/section>\n\t\t\t\t<\/div>","protected":false},"excerpt":{"rendered":"<p>&#8222;Man sieht nur mit dem Herzen gut. Das Wesentliche ist f\u00fcr die Augen unsichtbar.&#8220; Der kleine Prinz Antoine de Saint-Exup\u00e9ry Lena on Tour&#8230;in der Schule des Lebens. Meine Lehrmeister sind die Natur und die Menschen. Ihre Vielf\u00e4ltigkeit inspiriert mich gleicherma\u00dfen. Durch Wandern entsteht Kontakt &#8211; mit mir selbst, mit der Welt. Im Alltag kleine Wunder [&hellip;]<\/p>","protected":false},"author":1,"featured_media":0,"parent":0,"menu_order":0,"comment_status":"closed","ping_status":"closed","template":"","meta":{"site-sidebar-layout":"no-sidebar","site-content-layout":"page-builder","ast-site-content-layout":"default","site-content-style":"default","site-sidebar-style":"default","ast-global-header-display":"","ast-banner-title-visibility":"","ast-main-header-display":"","ast-hfb-above-header-display":"","ast-hfb-below-header-display":"","ast-hfb-mobile-header-display":"","site-post-title":"disabled","ast-breadcrumbs-content":"","ast-featured-img":"disabled","footer-sml-layout":"","ast-disable-related-posts":"","theme-transparent-header-meta":"","adv-header-id-meta":"","stick-header-meta":"","header-above-stick-meta":"","header-main-stick-meta":"","header-below-stick-meta":"","astra-migrate-meta-layouts":"default","ast-page-background-enabled":"default","ast-page-background-meta":{"desktop":{"background-color":"var(--ast-global-color-4)","background-image":"","background-repeat":"repeat","background-position":"center center","background-size":"auto","background-attachment":"scroll","background-type":"","background-media":"","overlay-type":"","overlay-color":"","overlay-opacity":"","overlay-gradient":""},"tablet":{"background-color":"","background-image":"","background-repeat":"repeat","background-position":"center center","background-size":"auto","background-attachment":"scroll","background-type":"","background-media":"","overlay-type":"","overlay-color":"","overlay-opacity":"","overlay-gradient":""},"mobile":{"background-color":"","background-image":"","background-repeat":"repeat","background-position":"center center","background-size":"auto","background-attachment":"scroll","background-type":"","background-media":"","overlay-type":"","overlay-color":"","overlay-opacity":"","overlay-gradient":""}},"ast-content-background-meta":{"desktop":{"background-color":"var(--ast-global-color-5)","background-image":"","background-repeat":"repeat","background-position":"center center","background-size":"auto","background-attachment":"scroll","background-type":"","background-media":"","overlay-type":"","overlay-color":"","overlay-opacity":"","overlay-gradient":""},"tablet":{"background-color":"var(--ast-global-color-5)","background-image":"","background-repeat":"repeat","background-position":"center center","background-size":"auto","background-attachment":"scroll","background-type":"","background-media":"","overlay-type":"","overlay-color":"","overlay-opacity":"","overlay-gradient":""},"mobile":{"background-color":"var(--ast-global-color-5)","background-image":"","background-repeat":"repeat","background-position":"center center","background-size":"auto","background-attachment":"scroll","background-type":"","background-media":"","overlay-type":"","overlay-color":"","overlay-opacity":"","overlay-gradient":""}},"iawp_total_views":25,"footnotes":""},"class_list":["post-1372","page","type-page","status-publish","hentry"],"yoast_head":"<!-- This site is optimized with the Yoast SEO plugin v26.9 - https:\/\/yoast.com\/product\/yoast-seo-wordpress\/ -->\n<title>\u00dcber mich - LenaOnTour<\/title>\n<meta name=\"robots\" content=\"index, follow, max-snippet:-1, max-image-preview:large, max-video-preview:-1\" \/>\n<link rel=\"canonical\" href=\"https:\/\/www.lenaontour.com\/en\/ueber-mich\/\" \/>\n<script type=\"application\/ld+json\" class=\"yoast-schema-graph\">{\"@context\":\"https:\/\/schema.org\",\"@graph\":[{\"@type\":\"WebPage\",\"@id\":\"https:\/\/www.lenaontour.com\/ueber-mich\/\",\"url\":\"https:\/\/www.lenaontour.com\/ueber-mich\/\",\"name\":\"\u00dcber mich - LenaOnTour\",\"isPartOf\":{\"@id\":\"https:\/\/www.lenaontour.com\/#website\"},\"primaryImageOfPage\":{\"@id\":\"https:\/\/www.lenaontour.com\/ueber-mich\/#primaryimage\"},\"image\":{\"@id\":\"https:\/\/www.lenaontour.com\/ueber-mich\/#primaryimage\"},\"thumbnailUrl\":\"https:\/\/www.lenaontour.com\/wp-content\/uploads\/2025\/04\/Margret.png\",\"datePublished\":\"2022-05-29T13:10:52+00:00\",\"dateModified\":\"2025-04-22T16:14:14+00:00\",\"breadcrumb\":{\"@id\":\"https:\/\/www.lenaontour.com\/ueber-mich\/#breadcrumb\"},\"inLanguage\":\"en-GB\",\"potentialAction\":[{\"@type\":\"ReadAction\",\"target\":[\"https:\/\/www.lenaontour.com\/ueber-mich\/\"]}]},{\"@type\":\"ImageObject\",\"inLanguage\":\"en-GB\",\"@id\":\"https:\/\/www.lenaontour.com\/ueber-mich\/#primaryimage\",\"url\":\"https:\/\/www.lenaontour.com\/wp-content\/uploads\/2025\/04\/Margret.png\",\"contentUrl\":\"https:\/\/www.lenaontour.com\/wp-content\/uploads\/2025\/04\/Margret.png\"},{\"@type\":\"BreadcrumbList\",\"@id\":\"https:\/\/www.lenaontour.com\/ueber-mich\/#breadcrumb\",\"itemListElement\":[{\"@type\":\"ListItem\",\"position\":1,\"name\":\"Startseite\",\"item\":\"https:\/\/www.lenaontour.com\/\"},{\"@type\":\"ListItem\",\"position\":2,\"name\":\"\u00dcber mich\"}]},{\"@type\":\"WebSite\",\"@id\":\"https:\/\/www.lenaontour.com\/#website\",\"url\":\"https:\/\/www.lenaontour.com\/\",\"name\":\"LenaOnTour\",\"description\":\"Lena Szilus wandert mit Herz und Seele\",\"publisher\":{\"@id\":\"https:\/\/www.lenaontour.com\/#\/schema\/person\/e6fc7c51090d5c3a8a0c1aa8ec8cb466\"},\"potentialAction\":[{\"@type\":\"SearchAction\",\"target\":{\"@type\":\"EntryPoint\",\"urlTemplate\":\"https:\/\/www.lenaontour.com\/?s={search_term_string}\"},\"query-input\":{\"@type\":\"PropertyValueSpecification\",\"valueRequired\":true,\"valueName\":\"search_term_string\"}}],\"inLanguage\":\"en-GB\"},{\"@type\":[\"Person\",\"Organization\"],\"@id\":\"https:\/\/www.lenaontour.com\/#\/schema\/person\/e6fc7c51090d5c3a8a0c1aa8ec8cb466\",\"name\":\"Lenaontour\",\"image\":{\"@type\":\"ImageObject\",\"inLanguage\":\"en-GB\",\"@id\":\"https:\/\/www.lenaontour.com\/#\/schema\/person\/image\/\",\"url\":\"https:\/\/www.lenaontour.com\/wp-content\/uploads\/2022\/10\/Logo-LenaOnTour-1.png\",\"contentUrl\":\"https:\/\/www.lenaontour.com\/wp-content\/uploads\/2022\/10\/Logo-LenaOnTour-1.png\",\"width\":405,\"height\":500,\"caption\":\"Lenaontour\"},\"logo\":{\"@id\":\"https:\/\/www.lenaontour.com\/#\/schema\/person\/image\/\"},\"sameAs\":[\"https:\/\/www.lenaontour.com\"]}]}<\/script>\n<!-- \/ Yoast SEO plugin. -->","yoast_head_json":{"title":"\u00dcber mich - LenaOnTour","robots":{"index":"index","follow":"follow","max-snippet":"max-snippet:-1","max-image-preview":"max-image-preview:large","max-video-preview":"max-video-preview:-1"},"canonical":"https:\/\/www.lenaontour.com\/en\/ueber-mich\/","schema":{"@context":"https:\/\/schema.org","@graph":[{"@type":"WebPage","@id":"https:\/\/www.lenaontour.com\/ueber-mich\/","url":"https:\/\/www.lenaontour.com\/ueber-mich\/","name":"\u00dcber mich - LenaOnTour","isPartOf":{"@id":"https:\/\/www.lenaontour.com\/#website"},"primaryImageOfPage":{"@id":"https:\/\/www.lenaontour.com\/ueber-mich\/#primaryimage"},"image":{"@id":"https:\/\/www.lenaontour.com\/ueber-mich\/#primaryimage"},"thumbnailUrl":"https:\/\/www.lenaontour.com\/wp-content\/uploads\/2025\/04\/Margret.png","datePublished":"2022-05-29T13:10:52+00:00","dateModified":"2025-04-22T16:14:14+00:00","breadcrumb":{"@id":"https:\/\/www.lenaontour.com\/ueber-mich\/#breadcrumb"},"inLanguage":"en-GB","potentialAction":[{"@type":"ReadAction","target":["https:\/\/www.lenaontour.com\/ueber-mich\/"]}]},{"@type":"ImageObject","inLanguage":"en-GB","@id":"https:\/\/www.lenaontour.com\/ueber-mich\/#primaryimage","url":"https:\/\/www.lenaontour.com\/wp-content\/uploads\/2025\/04\/Margret.png","contentUrl":"https:\/\/www.lenaontour.com\/wp-content\/uploads\/2025\/04\/Margret.png"},{"@type":"BreadcrumbList","@id":"https:\/\/www.lenaontour.com\/ueber-mich\/#breadcrumb","itemListElement":[{"@type":"ListItem","position":1,"name":"Startseite","item":"https:\/\/www.lenaontour.com\/"},{"@type":"ListItem","position":2,"name":"\u00dcber mich"}]},{"@type":"WebSite","@id":"https:\/\/www.lenaontour.com\/#website","url":"https:\/\/www.lenaontour.com\/","name":"LenaOnTour","description":"Lena Szilus hikes with heart and soul","publisher":{"@id":"https:\/\/www.lenaontour.com\/#\/schema\/person\/e6fc7c51090d5c3a8a0c1aa8ec8cb466"},"potentialAction":[{"@type":"SearchAction","target":{"@type":"EntryPoint","urlTemplate":"https:\/\/www.lenaontour.com\/?s={search_term_string}"},"query-input":{"@type":"PropertyValueSpecification","valueRequired":true,"valueName":"search_term_string"}}],"inLanguage":"en-GB"},{"@type":["Person","Organization"],"@id":"https:\/\/www.lenaontour.com\/#\/schema\/person\/e6fc7c51090d5c3a8a0c1aa8ec8cb466","name":"Lena on tour","image":{"@type":"ImageObject","inLanguage":"en-GB","@id":"https:\/\/www.lenaontour.com\/#\/schema\/person\/image\/","url":"https:\/\/www.lenaontour.com\/wp-content\/uploads\/2022\/10\/Logo-LenaOnTour-1.png","contentUrl":"https:\/\/www.lenaontour.com\/wp-content\/uploads\/2022\/10\/Logo-LenaOnTour-1.png","width":405,"height":500,"caption":"Lenaontour"},"logo":{"@id":"https:\/\/www.lenaontour.com\/#\/schema\/person\/image\/"},"sameAs":["https:\/\/www.lenaontour.com"]}]}},"_links":{"self":[{"href":"https:\/\/www.lenaontour.com\/en\/wp-json\/wp\/v2\/pages\/1372","targetHints":{"allow":["GET"]}}],"collection":[{"href":"https:\/\/www.lenaontour.com\/en\/wp-json\/wp\/v2\/pages"}],"about":[{"href":"https:\/\/www.lenaontour.com\/en\/wp-json\/wp\/v2\/types\/page"}],"author":[{"embeddable":true,"href":"https:\/\/www.lenaontour.com\/en\/wp-json\/wp\/v2\/users\/1"}],"replies":[{"embeddable":true,"href":"https:\/\/www.lenaontour.com\/en\/wp-json\/wp\/v2\/comments?post=1372"}],"version-history":[{"count":148,"href":"https:\/\/www.lenaontour.com\/en\/wp-json\/wp\/v2\/pages\/1372\/revisions"}],"predecessor-version":[{"id":2671,"href":"https:\/\/www.lenaontour.com\/en\/wp-json\/wp\/v2\/pages\/1372\/revisions\/2671"}],"wp:attachment":[{"href":"https:\/\/www.lenaontour.com\/en\/wp-json\/wp\/v2\/media?parent=1372"}],"curies":[{"name":"wp","href":"https:\/\/api.w.org\/{rel}","templated":true}]}}